{"id":86,"date":"2025-09-04T11:46:19","date_gmt":"2025-09-04T15:46:19","guid":{"rendered":"https:\/\/www.clarku.edu\/physics\/?page_id=86"},"modified":"2025-09-04T14:43:06","modified_gmt":"2025-09-04T18:43:06","slug":"faculty","status":"publish","type":"page","link":"https:\/\/www.clarku.edu\/physics\/research\/faculty\/","title":{"rendered":"Faculty Research"},"content":{"rendered":"\n<div class=\"wp-block-group triple-bottom-margin is-layout-constrained wp-block-group-is-layout-constrained\">\n<div class=\"wp-block-query is-layout-flow wp-block-query-is-layout-flow\"><ul class=\"columns-3 wp-block-post-template is-layout-grid wp-container-core-post-template-is-layout-6d3fbd8f wp-block-post-template-is-layout-grid\"><li class=\"wp-block-post post-81 post type-post status-publish format-standard hentry category-faculty-research-areas\">\n<div class=\"entry-content wp-block-post-content is-layout-flow wp-block-post-content-is-layout-flow\">\n<figure class=\"wp-block-image size-full\"><img loading=\"lazy\" decoding=\"async\" width=\"900\" height=\"525\" src=\"https:\/\/www.clarku.edu\/physics\/wp-content\/uploads\/sites\/88\/charles-agosta-research.jpg\" alt=\"\" class=\"wp-image-92\" srcset=\"https:\/\/www.clarku.edu\/physics\/wp-content\/uploads\/sites\/88\/charles-agosta-research.jpg 900w, https:\/\/www.clarku.edu\/physics\/wp-content\/uploads\/sites\/88\/charles-agosta-research-300x175.jpg 300w, https:\/\/www.clarku.edu\/physics\/wp-content\/uploads\/sites\/88\/charles-agosta-research-768x448.jpg 768w\" sizes=\"auto, (max-width: 900px) 100vw, 900px\" \/><\/figure>\n\n\n\n<aside class=\"wp-block-group boxout abut-start has-light-warm-gray-background-color has-background is-content-justification-left is-layout-constrained wp-container-core-group-is-layout-12dd3699 wp-block-group-is-layout-constrained\">\n<div class=\"wp-block-group is-layout-constrained wp-block-group-is-layout-constrained\">\n<p class=\"is-style-intro\"><a href=\"https:\/\/www.clarku.edu\/faculty\/profiles\/charles-agosta\/\">Charles Agosta<\/a><\/p>\n\n\n\n<p class=\"has-small-font-size\"><strong>Research Interests:<\/strong> Properties of organic superconductors and other materials in high, pulsed magnetic fields and low temperatures. Experiment and simulation of heat transfer in transonic gas mixtures. Technology of renewable energy.<\/p>\n\n\n\n<p class=\"arrow-link\"><a href=\"http:\/\/140.232.220.167\/\" target=\"_blank\" rel=\"noreferrer noopener\">Research Laboratory<\/a><\/p>\n<\/div>\n<\/aside>\n<\/div>\n<\/li><li class=\"wp-block-post post-94 post type-post status-publish format-standard hentry category-faculty-research-areas\">\n<div class=\"entry-content wp-block-post-content is-layout-flow wp-block-post-content-is-layout-flow\">\n<figure class=\"wp-block-image size-full\"><img loading=\"lazy\" decoding=\"async\" width=\"900\" height=\"525\" src=\"https:\/\/www.clarku.edu\/physics\/wp-content\/uploads\/sites\/88\/michael-boyer-research.jpg\" alt=\"\" class=\"wp-image-95\" srcset=\"https:\/\/www.clarku.edu\/physics\/wp-content\/uploads\/sites\/88\/michael-boyer-research.jpg 900w, https:\/\/www.clarku.edu\/physics\/wp-content\/uploads\/sites\/88\/michael-boyer-research-300x175.jpg 300w, https:\/\/www.clarku.edu\/physics\/wp-content\/uploads\/sites\/88\/michael-boyer-research-768x448.jpg 768w\" sizes=\"auto, (max-width: 900px) 100vw, 900px\" \/><\/figure>\n\n\n\n<aside class=\"wp-block-group boxout abut-start has-light-warm-gray-background-color has-background is-content-justification-left is-layout-constrained wp-container-core-group-is-layout-12dd3699 wp-block-group-is-layout-constrained\">\n<div class=\"wp-block-group is-layout-constrained wp-block-group-is-layout-constrained\">\n<p class=\"is-style-intro\"><a href=\"https:\/\/www.clarku.edu\/faculty\/profiles\/michael-boyer\/\">Michael Boyer<\/a><\/p>\n\n\n\n<p class=\"has-small-font-size\"><strong>Research Interests:<\/strong> Electronic and structural properties relevant to correlated electron systems, molecular studies, scanning tunneling microscopy.<\/p>\n\n\n\n<p class=\"arrow-link\"><a href=\"https:\/\/wordpress.clarku.edu\/mboyer\/\" target=\"_blank\" rel=\"noreferrer noopener\">Research Laboratory<\/a><\/p>\n<\/div>\n<\/aside>\n<\/div>\n<\/li><li class=\"wp-block-post post-97 post type-post status-publish format-standard hentry category-faculty-research-areas\">\n<div class=\"entry-content wp-block-post-content is-layout-flow wp-block-post-content-is-layout-flow\">\n<figure class=\"wp-block-image size-full\"><img loading=\"lazy\" decoding=\"async\" width=\"900\" height=\"525\" src=\"https:\/\/www.clarku.edu\/physics\/wp-content\/uploads\/sites\/88\/barbara-sansone-research.jpg\" alt=\"\" class=\"wp-image-98\" srcset=\"https:\/\/www.clarku.edu\/physics\/wp-content\/uploads\/sites\/88\/barbara-sansone-research.jpg 900w, https:\/\/www.clarku.edu\/physics\/wp-content\/uploads\/sites\/88\/barbara-sansone-research-300x175.jpg 300w, https:\/\/www.clarku.edu\/physics\/wp-content\/uploads\/sites\/88\/barbara-sansone-research-768x448.jpg 768w\" sizes=\"auto, (max-width: 900px) 100vw, 900px\" \/><\/figure>\n\n\n\n<aside class=\"wp-block-group boxout abut-start has-light-warm-gray-background-color has-background is-content-justification-left is-layout-constrained wp-container-core-group-is-layout-12dd3699 wp-block-group-is-layout-constrained\">\n<div class=\"wp-block-group is-layout-constrained wp-block-group-is-layout-constrained\">\n<p class=\"is-style-intro\"><a href=\"https:\/\/www.clarku.edu\/faculty\/profiles\/barbara-capogrosso-sansone\/\">Barbara Carpogrosso Sansone<\/a><\/p>\n\n\n\n<p class=\"has-small-font-size\"><strong>Research Interests:<\/strong> Computational physics. Strongly correlated many-body systems, phase transitions, ultracold atoms and polar molecules, superfluidity, development of quantum Monte Carlo algorithms.<\/p>\n<\/div>\n<\/aside>\n<\/div>\n<\/li><li class=\"wp-block-post post-100 post type-post status-publish format-standard hentry category-faculty-research-areas\">\n<div class=\"entry-content wp-block-post-content is-layout-flow wp-block-post-content-is-layout-flow\">\n<figure class=\"wp-block-image size-full\"><img loading=\"lazy\" decoding=\"async\" width=\"900\" height=\"525\" src=\"https:\/\/www.clarku.edu\/physics\/wp-content\/uploads\/sites\/88\/arshad-kudrolli-research.jpg\" alt=\"\" class=\"wp-image-101\" srcset=\"https:\/\/www.clarku.edu\/physics\/wp-content\/uploads\/sites\/88\/arshad-kudrolli-research.jpg 900w, https:\/\/www.clarku.edu\/physics\/wp-content\/uploads\/sites\/88\/arshad-kudrolli-research-300x175.jpg 300w, https:\/\/www.clarku.edu\/physics\/wp-content\/uploads\/sites\/88\/arshad-kudrolli-research-768x448.jpg 768w\" sizes=\"auto, (max-width: 900px) 100vw, 900px\" \/><\/figure>\n\n\n\n<aside class=\"wp-block-group boxout abut-start has-light-warm-gray-background-color has-background is-content-justification-left is-layout-constrained wp-container-core-group-is-layout-12dd3699 wp-block-group-is-layout-constrained\">\n<div class=\"wp-block-group is-layout-constrained wp-block-group-is-layout-constrained\">\n<p class=\"is-style-intro\"><a href=\"https:\/\/www.clarku.edu\/faculty\/profiles\/arshad-kudrolli\/\">Arshad Kudrolli<\/a><\/p>\n\n\n\n<p class=\"has-small-font-size\"><strong>Research Interests:<\/strong> Professor Kudrolli does experiments on a broad range of non-equilibrium phenomena, granular materials, and biological physics. Topics include grain shape and dynamics, scaled-up ciliary flow and synchronization, crumpling, self-assembly, erosion geomorphology, and population dynamics in bacterial colonies.<\/p>\n\n\n\n<p class=\"arrow-link\"><a href=\"http:\/\/physics.clarku.edu\/~akudrolli\/nls.html\" target=\"_blank\" rel=\"noreferrer noopener\">Research Laboratory<\/a><\/p>\n<\/div>\n<\/aside>\n<\/div>\n<\/li><li class=\"wp-block-post post-103 post type-post status-publish format-standard hentry category-faculty-research-areas\">\n<div class=\"entry-content wp-block-post-content is-layout-flow wp-block-post-content-is-layout-flow\">\n<figure class=\"wp-block-image size-full\"><img loading=\"lazy\" decoding=\"async\" width=\"900\" height=\"525\" src=\"https:\/\/www.clarku.edu\/physics\/wp-content\/uploads\/sites\/88\/ranjan-mukhopadhyay-research.jpg\" alt=\"\" class=\"wp-image-104\" srcset=\"https:\/\/www.clarku.edu\/physics\/wp-content\/uploads\/sites\/88\/ranjan-mukhopadhyay-research.jpg 900w, https:\/\/www.clarku.edu\/physics\/wp-content\/uploads\/sites\/88\/ranjan-mukhopadhyay-research-300x175.jpg 300w, https:\/\/www.clarku.edu\/physics\/wp-content\/uploads\/sites\/88\/ranjan-mukhopadhyay-research-768x448.jpg 768w\" sizes=\"auto, (max-width: 900px) 100vw, 900px\" \/><\/figure>\n\n\n\n<aside class=\"wp-block-group boxout abut-start has-light-warm-gray-background-color has-background is-content-justification-left is-layout-constrained wp-container-core-group-is-layout-12dd3699 wp-block-group-is-layout-constrained\">\n<div class=\"wp-block-group is-layout-constrained wp-block-group-is-layout-constrained\">\n<p class=\"is-style-intro\"><a href=\"https:\/\/www.clarku.edu\/faculty\/profiles\/ranjan-mukhopadhyay\/\">Ranjan Mukhopadhyay<\/a><\/p>\n\n\n\n<p class=\"has-small-font-size\"><strong>Research Interests:<\/strong> Professor Mukhopadhyay works on a range of theoretical and computational problems at the interface of physics and biology. He is fascinated by the mysteries of life at the meso-scale; a central goal of his biophysical research is to uncover the physical and organizational principles that arise at scales between atoms and organisms.<\/p>\n<\/div>\n<\/aside>\n<\/div>\n<\/li><li class=\"wp-block-post post-106 post type-post status-publish format-standard hentry category-faculty-research-areas\">\n<div class=\"entry-content wp-block-post-content is-layout-flow wp-block-post-content-is-layout-flow\">\n<figure class=\"wp-block-image size-full\"><img loading=\"lazy\" decoding=\"async\" width=\"900\" height=\"525\" src=\"https:\/\/www.clarku.edu\/physics\/wp-content\/uploads\/sites\/88\/alexander-petroff-research.jpg\" alt=\"\" class=\"wp-image-107\" srcset=\"https:\/\/www.clarku.edu\/physics\/wp-content\/uploads\/sites\/88\/alexander-petroff-research.jpg 900w, https:\/\/www.clarku.edu\/physics\/wp-content\/uploads\/sites\/88\/alexander-petroff-research-300x175.jpg 300w, https:\/\/www.clarku.edu\/physics\/wp-content\/uploads\/sites\/88\/alexander-petroff-research-768x448.jpg 768w\" sizes=\"auto, (max-width: 900px) 100vw, 900px\" \/><\/figure>\n\n\n\n<aside class=\"wp-block-group boxout abut-start has-light-warm-gray-background-color has-background is-content-justification-left is-layout-constrained wp-container-core-group-is-layout-12dd3699 wp-block-group-is-layout-constrained\">\n<div class=\"wp-block-group is-layout-constrained wp-block-group-is-layout-constrained\">\n<p class=\"is-style-intro\"><a href=\"https:\/\/www.clarku.edu\/faculty\/profiles\/alexander-petroff\/\">Alexander Petroff<\/a><\/p>\n\n\n\n<p class=\"has-small-font-size\"><strong>Research Interests:<\/strong> Professor Petroff is an experimental physicist who uses hydrodynamics and reaction diffusion equations to understand the organization, dynamics, and evolution of microbial systems in table-top experiments. He has previously published several studies on the growth and geometry of river networks and stromatolites.<\/p>\n\n\n\n<p class=\"arrow-link\"><a href=\"https:\/\/wordpress.clarku.edu\/apetroff\/\" target=\"_blank\" rel=\"noreferrer noopener\">Research Laboratory<\/a><\/p>\n<\/div>\n<\/aside>\n<\/div>\n<\/li><\/ul><\/div>\n<\/div>\n\n\n\n<div class=\"wp-block-group triple-bottom-margin is-layout-constrained wp-block-group-is-layout-constrained\">\n<h2 class=\"wp-block-heading\">Recent research awards<\/h2>\n\n\n\n<div class=\"wp-block-query is-layout-flow wp-block-query-is-layout-flow\"><ul class=\"columns-2 wp-block-post-template is-layout-grid wp-container-core-post-template-is-layout-02493678 wp-block-post-template-is-layout-grid\"><li class=\"wp-block-post post-111 post type-post status-publish format-standard hentry category-research-awards\">\n<div class=\"entry-content wp-block-post-content is-layout-flow wp-block-post-content-is-layout-flow\">\n<aside class=\"wp-block-group boxout has-light-yellow-background-color has-background is-content-justification-left is-layout-constrained wp-container-core-group-is-layout-12dd3699 wp-block-group-is-layout-constrained\" style=\"border-radius:5px\">\n<p><strong>Professor Charles Agosta:<\/strong>\u00a0National Science Foundation grant titled \u201cInhomogeneity and Charge Modulation in Unconventional Superconductors\u201d<\/p>\n<\/aside>\n<\/div>\n<\/li><li class=\"wp-block-post post-113 post type-post status-publish format-standard hentry category-research-awards\">\n<div class=\"entry-content wp-block-post-content is-layout-flow wp-block-post-content-is-layout-flow\">\n<aside class=\"wp-block-group boxout has-light-yellow-background-color has-background is-content-justification-left is-layout-constrained wp-container-core-group-is-layout-12dd3699 wp-block-group-is-layout-constrained\" style=\"border-radius:5px\">\n<p><strong>Professor Michael Boyer:<\/strong>\u00a0National Science Foundation grant titled \u201cThe Nanoscale Effects of Intrinsic and Externally-Applied Strain on Charge Density Wave States\u201d<\/p>\n<\/aside>\n<\/div>\n<\/li><li class=\"wp-block-post post-115 post type-post status-publish format-standard hentry category-research-awards\">\n<div class=\"entry-content wp-block-post-content is-layout-flow wp-block-post-content-is-layout-flow\">\n<aside class=\"wp-block-group boxout has-light-yellow-background-color has-background is-content-justification-left is-layout-constrained wp-container-core-group-is-layout-12dd3699 wp-block-group-is-layout-constrained\" style=\"border-radius:5px\">\n<p><strong>Professor Arshad Kudrolli:<\/strong>\u00a0National Science Foundation grant titled \u201cIntruder dynamics in fluid saturated granular medium\u201d<\/p>\n<\/aside>\n<\/div>\n<\/li><li class=\"wp-block-post post-117 post type-post status-publish format-standard hentry category-research-awards\">\n<div class=\"entry-content wp-block-post-content is-layout-flow wp-block-post-content-is-layout-flow\">\n<aside class=\"wp-block-group boxout has-light-yellow-background-color has-background is-content-justification-left is-layout-constrained wp-container-core-group-is-layout-12dd3699 wp-block-group-is-layout-constrained\" style=\"border-radius:5px\">\n<p><strong>Professor Alexander Petroff:<\/strong>\u00a0American Chemical Society Petroleum Research Fund (ACS-PRF) grant titled \u201cExperimental Investigations of Oxygen Dynamics in Natural Sediment\u201d<\/p>\n<\/aside>\n<\/div>\n<\/li><\/ul><\/div>\n<\/div>\n\n\n\n<div class=\"wp-block-group is-layout-constrained wp-block-group-is-layout-constrained\">\n<h2 class=\"wp-block-heading\">Collaboration outside of Clark<\/h2>\n\n\n\n<p>Our faculty conduct experimental and theoretical research funded by sources including the National Science Foundation, the Department of Energy, and the Petroleum Research Fund. They collaborate with colleagues across the world, including those at these institutions:<\/p>\n\n\n\n<div class=\"wp-block-columns is-layout-flex wp-container-core-columns-is-layout-28f84493 wp-block-columns-is-layout-flex\">\n<div class=\"wp-block-column is-layout-flow wp-block-column-is-layout-flow\">\n<ul class=\"wp-block-list\">\n<li><a href=\"https:\/\/nationalmaglab.org\/\" target=\"_blank\" rel=\"noreferrer noopener\">National High Magnetic Field Laboratory<\/a>&nbsp;at Florida State University<\/li>\n\n\n\n<li><a href=\"https:\/\/www.nist.gov\/\" target=\"_blank\" rel=\"noreferrer noopener\">National Institute of Standards and Technology<\/a><\/li>\n\n\n\n<li><a href=\"https:\/\/www.lanl.gov\/\" target=\"_blank\" rel=\"noreferrer noopener\">Los Alamos National Laboratory<\/a><\/li>\n\n\n\n<li><a href=\"https:\/\/www.epfl.ch\/en\/\" target=\"_blank\" rel=\"noreferrer noopener\">\u00c9cole Polytechnique F\u00e9d\u00e9rale de Lausanne<\/a><\/li>\n\n\n\n<li><a href=\"http:\/\/web.mit.edu\/\" target=\"_blank\" rel=\"noreferrer noopener\">Massachusetts Institute of Technology<\/a><\/li>\n\n\n\n<li><a href=\"https:\/\/www.harvard.edu\/\" target=\"_blank\" rel=\"noreferrer noopener\">Harvard University<\/a><\/li>\n\n\n\n<li><a href=\"https:\/\/www.princeton.edu\/\" target=\"_blank\" rel=\"noreferrer noopener\">Princeton University<\/a><\/li>\n<\/ul>\n<\/div>\n\n\n\n<div class=\"wp-block-column is-layout-flow wp-block-column-is-layout-flow\">\n<ul class=\"wp-block-list\">\n<li><a href=\"https:\/\/www.stanford.edu\/\" target=\"_blank\" rel=\"noreferrer noopener\">Stanford University<\/a><\/li>\n\n\n\n<li><a href=\"https:\/\/www.rockefeller.edu\/\" target=\"_blank\" rel=\"noreferrer noopener\">Rockefeller University<\/a><\/li>\n\n\n\n<li><a href=\"https:\/\/www.smith.edu\/\" target=\"_blank\" rel=\"noreferrer noopener\">Smith College<\/a><\/li>\n\n\n\n<li><a href=\"https:\/\/www.ucsb.edu\/\" target=\"_blank\" rel=\"noreferrer noopener\">University of California Santa Barbara<\/a><\/li>\n\n\n\n<li><a href=\"https:\/\/www.ufba.br\/\" target=\"_blank\" rel=\"noreferrer noopener\">Universidade Federal da Bahia<\/a><\/li>\n\n\n\n<li><a href=\"https:\/\/www.umass.edu\/\" target=\"_blank\" rel=\"noreferrer noopener\">UMass Amherst<\/a><\/li>\n\n\n\n<li><a href=\"https:\/\/www.wellesley.edu\/\" target=\"_blank\" rel=\"noreferrer noopener\">Wellesley College<\/a><\/li>\n<\/ul>\n<\/div>\n<\/div>\n<\/div>\n","protected":false},"excerpt":{"rendered":"<p>Recent research awards Collaboration outside of Clark Our faculty conduct experimental and theoretical research funded by sources including the National Science Foundation, the Department of Energy, and the Petroleum Research Fund. They collaborate with colleagues across the world, including those at these institutions:<\/p>\n","protected":false},"author":15,"featured_media":0,"parent":18,"menu_order":0,"comment_status":"closed","ping_status":"closed","template":"","meta":{"footnotes":""},"class_list":["post-86","page","type-page","status-publish","hentry"],"yoast_head":"<!-- This site is optimized with the Yoast SEO Premium plugin v27.4 (Yoast SEO v27.4) - https:\/\/yoast.com\/product\/yoast-seo-premium-wordpress\/ -->\n<title>Faculty Research | Department of Physics | Clark University<\/title>\n<meta name=\"robots\" content=\"noindex, follow, max-snippet:-1, max-image-preview:large, max-video-preview:-1\" \/>\n<meta property=\"og:locale\" content=\"en_US\" \/>\n<meta property=\"og:type\" content=\"article\" \/>\n<meta property=\"og:title\" content=\"Faculty Research\" \/>\n<meta property=\"og:description\" content=\"Recent research awards Collaboration outside of Clark Our faculty conduct experimental and theoretical research funded by sources including the National Science Foundation, the Department of Energy, and the Petroleum Research Fund. They collaborate with colleagues across the world, including those at these institutions:\" \/>\n<meta property=\"og:url\" content=\"https:\/\/www.clarku.edu\/physics\/research\/faculty\/\" \/>\n<meta property=\"og:site_name\" content=\"Department of Physics\" \/>\n<meta property=\"article:publisher\" content=\"https:\/\/www.facebook.com\/ClarkUniversityWorcester\" \/>\n<meta property=\"article:modified_time\" content=\"2025-09-04T18:43:06+00:00\" \/>\n<meta name=\"twitter:card\" content=\"summary_large_image\" \/>\n<meta name=\"twitter:site\" content=\"@clarkuniversity\" \/>\n<meta name=\"twitter:label1\" content=\"Est. reading time\" \/>\n\t<meta name=\"twitter:data1\" content=\"1 minute\" \/>\n<script type=\"application\/ld+json\" class=\"yoast-schema-graph\">{\"@context\":\"https:\\\/\\\/schema.org\",\"@graph\":[{\"@type\":\"WebPage\",\"@id\":\"https:\\\/\\\/www.clarku.edu\\\/physics\\\/research\\\/faculty\\\/\",\"url\":\"https:\\\/\\\/www.clarku.edu\\\/physics\\\/research\\\/faculty\\\/\",\"name\":\"Faculty Research | Department of Physics | Clark University\",\"isPartOf\":{\"@id\":\"https:\\\/\\\/www.clarku.edu\\\/physics\\\/#website\"},\"datePublished\":\"2025-09-04T15:46:19+00:00\",\"dateModified\":\"2025-09-04T18:43:06+00:00\",\"inLanguage\":\"en-US\",\"potentialAction\":[{\"@type\":\"ReadAction\",\"target\":[\"https:\\\/\\\/www.clarku.edu\\\/physics\\\/research\\\/faculty\\\/\"]}]},{\"@type\":\"BreadcrumbList\",\"@id\":\"https:\\\/\\\/www.clarku.edu\\\/physics\\\/wp-json\\\/wp\\\/v2\\\/pages\\\/86#breadcrumbs\",\"itemListElement\":[{\"@type\":\"ListItem\",\"position\":0,\"name\":\"ClarkU\",\"item\":\"https:\\\/\\\/www.clarku.edu\\\/\"},{\"@type\":\"ListItem\",\"position\":1,\"name\":\"Department of Physics\",\"item\":\"https:\\\/\\\/www.clarku.edu\\\/physics\"}]},{\"@type\":\"WebSite\",\"@id\":\"https:\\\/\\\/www.clarku.edu\\\/physics\\\/#website\",\"url\":\"https:\\\/\\\/www.clarku.edu\\\/physics\\\/\",\"name\":\"Department of Physics\",\"description\":\"\",\"potentialAction\":[{\"@type\":\"SearchAction\",\"target\":{\"@type\":\"EntryPoint\",\"urlTemplate\":\"https:\\\/\\\/www.clarku.edu\\\/physics\\\/?s={search_term_string}\"},\"query-input\":{\"@type\":\"PropertyValueSpecification\",\"valueRequired\":true,\"valueName\":\"search_term_string\"}}],\"inLanguage\":\"en-US\"}]}<\/script>\n<!-- \/ Yoast SEO Premium plugin. -->","yoast_head_json":{"title":"Faculty Research | Department of Physics | Clark University","robots":{"index":"noindex","follow":"follow","max-snippet":"max-snippet:-1","max-image-preview":"max-image-preview:large","max-video-preview":"max-video-preview:-1"},"og_locale":"en_US","og_type":"article","og_title":"Faculty Research","og_description":"Recent research awards Collaboration outside of Clark Our faculty conduct experimental and theoretical research funded by sources including the National Science Foundation, the Department of Energy, and the Petroleum Research Fund. They collaborate with colleagues across the world, including those at these institutions:","og_url":"https:\/\/www.clarku.edu\/physics\/research\/faculty\/","og_site_name":"Department of Physics","article_publisher":"https:\/\/www.facebook.com\/ClarkUniversityWorcester","article_modified_time":"2025-09-04T18:43:06+00:00","twitter_card":"summary_large_image","twitter_site":"@clarkuniversity","twitter_misc":{"Est. reading time":"1 minute"},"schema":{"@context":"https:\/\/schema.org","@graph":[{"@type":"WebPage","@id":"https:\/\/www.clarku.edu\/physics\/research\/faculty\/","url":"https:\/\/www.clarku.edu\/physics\/research\/faculty\/","name":"Faculty Research | Department of Physics | Clark University","isPartOf":{"@id":"https:\/\/www.clarku.edu\/physics\/#website"},"datePublished":"2025-09-04T15:46:19+00:00","dateModified":"2025-09-04T18:43:06+00:00","inLanguage":"en-US","potentialAction":[{"@type":"ReadAction","target":["https:\/\/www.clarku.edu\/physics\/research\/faculty\/"]}]},{"@type":"BreadcrumbList","@id":"https:\/\/www.clarku.edu\/physics\/wp-json\/wp\/v2\/pages\/86#breadcrumbs","itemListElement":[{"@type":"ListItem","position":0,"name":"ClarkU","item":"https:\/\/www.clarku.edu\/"},{"@type":"ListItem","position":1,"name":"Department of Physics","item":"https:\/\/www.clarku.edu\/physics"}]},{"@type":"WebSite","@id":"https:\/\/www.clarku.edu\/physics\/#website","url":"https:\/\/www.clarku.edu\/physics\/","name":"Department of Physics","description":"","potentialAction":[{"@type":"SearchAction","target":{"@type":"EntryPoint","urlTemplate":"https:\/\/www.clarku.edu\/physics\/?s={search_term_string}"},"query-input":{"@type":"PropertyValueSpecification","valueRequired":true,"valueName":"search_term_string"}}],"inLanguage":"en-US"}]}},"_links":{"self":[{"href":"https:\/\/www.clarku.edu\/physics\/wp-json\/wp\/v2\/pages\/86","targetHints":{"allow":["GET"]}}],"collection":[{"href":"https:\/\/www.clarku.edu\/physics\/wp-json\/wp\/v2\/pages"}],"about":[{"href":"https:\/\/www.clarku.edu\/physics\/wp-json\/wp\/v2\/types\/page"}],"author":[{"embeddable":true,"href":"https:\/\/www.clarku.edu\/physics\/wp-json\/wp\/v2\/users\/15"}],"replies":[{"embeddable":true,"href":"https:\/\/www.clarku.edu\/physics\/wp-json\/wp\/v2\/comments?post=86"}],"version-history":[{"count":8,"href":"https:\/\/www.clarku.edu\/physics\/wp-json\/wp\/v2\/pages\/86\/revisions"}],"predecessor-version":[{"id":122,"href":"https:\/\/www.clarku.edu\/physics\/wp-json\/wp\/v2\/pages\/86\/revisions\/122"}],"up":[{"embeddable":true,"href":"https:\/\/www.clarku.edu\/physics\/wp-json\/wp\/v2\/pages\/18"}],"wp:attachment":[{"href":"https:\/\/www.clarku.edu\/physics\/wp-json\/wp\/v2\/media?parent=86"}],"curies":[{"name":"wp","href":"https:\/\/api.w.org\/{rel}","templated":true}]}}