{"id":37,"date":"2019-02-06T11:42:42","date_gmt":"2019-02-06T16:42:42","guid":{"rendered":"https:\/\/www.clarku.edu\/departments\/template-example\/?page_id=37"},"modified":"2023-07-13T14:12:22","modified_gmt":"2023-07-13T18:12:22","slug":"faculty-research","status":"publish","type":"page","link":"https:\/\/www.clarku.edu\/departments\/physics\/research\/faculty-research\/","title":{"rendered":"Faculty Research"},"content":{"rendered":"<h2>Collaboration Outside of Clark<\/h2>\n<p>Our faculty conduct experimental and theoretical research funded by sources including the National Science Foundation, the Department of Energy, and the Petroleum Research Fund. They collaborate with colleagues across the word, including those at these institutions:<\/p>\n<ul>\n<li><a href=\"https:\/\/nationalmaglab.org\/\" target=\"_blank\" rel=\"noopener noreferrer\" aria-label=\"National High Magnetic Field Laboratory\">National High Magnetic Field Laboratory<\/a> at Florida State University<\/li>\n<li><a href=\"https:\/\/www.nist.gov\/\" target=\"_blank\" rel=\"noopener noreferrer\" aria-label=\"National Institute of Standards and Technology\">National Institute of Standards and Technology<\/a><\/li>\n<li><a href=\"https:\/\/www.lanl.gov\/\" target=\"_blank\" rel=\"noopener noreferrer\" aria-label=\"Los Alamos National Laboratory\">Los Alamos National Laboratory<\/a><\/li>\n<li><a href=\"https:\/\/www.epfl.ch\/en\/\" target=\"_blank\" rel=\"noopener noreferrer\" aria-label=\"\u00c9cole Polytechnique F\u00e9d\u00e9rale de Lausanne\">\u00c9cole Polytechnique F\u00e9d\u00e9rale de Lausanne<\/a><\/li>\n<li><a href=\"http:\/\/web.mit.edu\/\" target=\"_blank\" rel=\"noopener noreferrer\" aria-label=\"Massachusetts Institute of Technology\">Massachusetts Institute of Technology<\/a><\/li>\n<li><a href=\"https:\/\/www.harvard.edu\/\" target=\"_blank\" rel=\"noopener noreferrer\" aria-label=\"Harvard University\">Harvard University<\/a><\/li>\n<li><a href=\"https:\/\/www.princeton.edu\/\" target=\"_blank\" rel=\"noopener noreferrer\" aria-label=\"Princeton University\">Princeton University<\/a><\/li>\n<li><a href=\"https:\/\/www.stanford.edu\/\" target=\"_blank\" rel=\"noopener noreferrer\" aria-label=\"Stanford University\">Stanford University<\/a><\/li>\n<li><a href=\"https:\/\/www.rockefeller.edu\/\" target=\"_blank\" rel=\"noopener noreferrer\" aria-label=\"Rockefeller University\">Rockefeller University<\/a><\/li>\n<li><a href=\"https:\/\/www.smith.edu\/\" target=\"_blank\" rel=\"noopener noreferrer\" aria-label=\"Smith College\">Smith College<\/a><\/li>\n<li><a href=\"https:\/\/www.ucsb.edu\/\" target=\"_blank\" rel=\"noopener noreferrer\" aria-label=\"University of California Santa Barbara\">University of California Santa Barbara<\/a><\/li>\n<li><a href=\"https:\/\/www.ufba.br\/\" target=\"_blank\" rel=\"noopener noreferrer\" aria-label=\"Universidade Federal da Bahia\">Universidade Federal da Bahia<\/a><\/li>\n<li><a href=\"https:\/\/www.umass.edu\/\" target=\"_blank\" rel=\"noopener noreferrer\" aria-label=\"UMass Amherst\">UMass Amherst<\/a><\/li>\n<li><a href=\"https:\/\/www.wellesley.edu\/\" target=\"_blank\" rel=\"noopener noreferrer\" aria-label=\"Wellesley College\">Wellesley College<\/a><\/li>\n<\/ul>\n","protected":false},"excerpt":{"rendered":"<p>Collaboration Outside of Clark Our faculty conduct experimental and theoretical research funded by sources including the National Science Foundation, the Department of Energy, and the Petroleum Research Fund. They collaborate with colleagues across the word, including those at these institutions: National High Magnetic Field Laboratory at Florida State University National Institute of Standards and Technology [&hellip;]<\/p>\n","protected":false},"author":10,"featured_media":0,"parent":17,"menu_order":0,"comment_status":"closed","ping_status":"closed","template":"","meta":{"_acf_changed":false,"footnotes":""},"class_list":["post-37","page","type-page","status-publish","hentry"],"acf":[],"yoast_head":"<!-- This site is optimized with the Yoast SEO Premium plugin v24.7 (Yoast SEO v24.8) - https:\/\/yoast.com\/wordpress\/plugins\/seo\/ -->\n<title>Faculty Research | Department of Physics | Clark University<\/title>\n<meta name=\"description\" content=\"Our physics faculty conduct experimental and theoretical research funded by prestigious funding agencies, and collaborate with colleagues around the world.\" \/>\n<meta name=\"robots\" content=\"index, follow, max-snippet:-1, max-image-preview:large, max-video-preview:-1\" \/>\n<link rel=\"canonical\" href=\"https:\/\/www.clarku.edu\/departments\/physics\/research\/faculty-research\/\" \/>\n<meta property=\"og:locale\" content=\"en_US\" \/>\n<meta property=\"og:type\" content=\"article\" \/>\n<meta property=\"og:title\" content=\"Faculty Research | Department of Physics | Clark University\" \/>\n<meta property=\"og:description\" content=\"Our physics faculty conduct experimental and theoretical research funded by prestigious funding agencies, and collaborate with colleagues around the world.\" \/>\n<meta property=\"og:url\" content=\"https:\/\/www.clarku.edu\/departments\/physics\/research\/faculty-research\/\" \/>\n<meta property=\"og:site_name\" content=\"Department of Physics\" \/>\n<meta property=\"article:modified_time\" content=\"2023-07-13T18:12:22+00:00\" \/>\n<meta name=\"twitter:card\" content=\"summary_large_image\" \/>\n<meta name=\"twitter:label1\" content=\"Est. reading time\" \/>\n\t<meta name=\"twitter:data1\" content=\"1 minute\" \/>\n<script type=\"application\/ld+json\" class=\"yoast-schema-graph\">{\"@context\":\"https:\/\/schema.org\",\"@graph\":[{\"@type\":\"WebPage\",\"@id\":\"https:\/\/www.clarku.edu\/departments\/physics\/research\/faculty-research\/\",\"url\":\"https:\/\/www.clarku.edu\/departments\/physics\/research\/faculty-research\/\",\"name\":\"Faculty Research | Department of Physics | Clark University\",\"isPartOf\":{\"@id\":\"https:\/\/www.clarku.edu\/departments\/physics\/#website\"},\"datePublished\":\"2019-02-06T16:42:42+00:00\",\"dateModified\":\"2023-07-13T18:12:22+00:00\",\"description\":\"Our physics faculty conduct experimental and theoretical research funded by prestigious funding agencies, and collaborate with colleagues around the world.\",\"breadcrumb\":{\"@id\":\"https:\/\/www.clarku.edu\/departments\/physics\/research\/faculty-research\/#breadcrumb\"},\"inLanguage\":\"en-US\",\"potentialAction\":[{\"@type\":\"ReadAction\",\"target\":[\"https:\/\/www.clarku.edu\/departments\/physics\/research\/faculty-research\/\"]}]},{\"@type\":\"BreadcrumbList\",\"@id\":\"https:\/\/www.clarku.edu\/departments\/physics\/research\/faculty-research\/#breadcrumb\",\"itemListElement\":[{\"@type\":\"ListItem\",\"position\":1,\"name\":\"Research\",\"item\":\"https:\/\/www.clarku.edu\/departments\/physics\/research\/\"},{\"@type\":\"ListItem\",\"position\":2,\"name\":\"Faculty Research\"}]},{\"@type\":\"WebSite\",\"@id\":\"https:\/\/www.clarku.edu\/departments\/physics\/#website\",\"url\":\"https:\/\/www.clarku.edu\/departments\/physics\/\",\"name\":\"Department of Physics\",\"description\":\"Clark University\",\"potentialAction\":[{\"@type\":\"SearchAction\",\"target\":{\"@type\":\"EntryPoint\",\"urlTemplate\":\"https:\/\/www.clarku.edu\/departments\/physics\/?s={search_term_string}\"},\"query-input\":{\"@type\":\"PropertyValueSpecification\",\"valueRequired\":true,\"valueName\":\"search_term_string\"}}],\"inLanguage\":\"en-US\"}]}<\/script>\n<!-- \/ Yoast SEO Premium plugin. -->","yoast_head_json":{"title":"Faculty Research | Department of Physics | Clark University","description":"Our physics faculty conduct experimental and theoretical research funded by prestigious funding agencies, and collaborate with colleagues around the world.","robots":{"index":"index","follow":"follow","max-snippet":"max-snippet:-1","max-image-preview":"max-image-preview:large","max-video-preview":"max-video-preview:-1"},"canonical":"https:\/\/www.clarku.edu\/departments\/physics\/research\/faculty-research\/","og_locale":"en_US","og_type":"article","og_title":"Faculty Research | Department of Physics | Clark University","og_description":"Our physics faculty conduct experimental and theoretical research funded by prestigious funding agencies, and collaborate with colleagues around the world.","og_url":"https:\/\/www.clarku.edu\/departments\/physics\/research\/faculty-research\/","og_site_name":"Department of Physics","article_modified_time":"2023-07-13T18:12:22+00:00","twitter_card":"summary_large_image","twitter_misc":{"Est. reading time":"1 minute"},"schema":{"@context":"https:\/\/schema.org","@graph":[{"@type":"WebPage","@id":"https:\/\/www.clarku.edu\/departments\/physics\/research\/faculty-research\/","url":"https:\/\/www.clarku.edu\/departments\/physics\/research\/faculty-research\/","name":"Faculty Research | Department of Physics | Clark University","isPartOf":{"@id":"https:\/\/www.clarku.edu\/departments\/physics\/#website"},"datePublished":"2019-02-06T16:42:42+00:00","dateModified":"2023-07-13T18:12:22+00:00","description":"Our physics faculty conduct experimental and theoretical research funded by prestigious funding agencies, and collaborate with colleagues around the world.","breadcrumb":{"@id":"https:\/\/www.clarku.edu\/departments\/physics\/research\/faculty-research\/#breadcrumb"},"inLanguage":"en-US","potentialAction":[{"@type":"ReadAction","target":["https:\/\/www.clarku.edu\/departments\/physics\/research\/faculty-research\/"]}]},{"@type":"BreadcrumbList","@id":"https:\/\/www.clarku.edu\/departments\/physics\/research\/faculty-research\/#breadcrumb","itemListElement":[{"@type":"ListItem","position":1,"name":"Research","item":"https:\/\/www.clarku.edu\/departments\/physics\/research\/"},{"@type":"ListItem","position":2,"name":"Faculty Research"}]},{"@type":"WebSite","@id":"https:\/\/www.clarku.edu\/departments\/physics\/#website","url":"https:\/\/www.clarku.edu\/departments\/physics\/","name":"Department of Physics","description":"Clark University","potentialAction":[{"@type":"SearchAction","target":{"@type":"EntryPoint","urlTemplate":"https:\/\/www.clarku.edu\/departments\/physics\/?s={search_term_string}"},"query-input":{"@type":"PropertyValueSpecification","valueRequired":true,"valueName":"search_term_string"}}],"inLanguage":"en-US"}]}},"_links":{"self":[{"href":"https:\/\/www.clarku.edu\/departments\/physics\/wp-json\/wp\/v2\/pages\/37","targetHints":{"allow":["GET"]}}],"collection":[{"href":"https:\/\/www.clarku.edu\/departments\/physics\/wp-json\/wp\/v2\/pages"}],"about":[{"href":"https:\/\/www.clarku.edu\/departments\/physics\/wp-json\/wp\/v2\/types\/page"}],"author":[{"embeddable":true,"href":"https:\/\/www.clarku.edu\/departments\/physics\/wp-json\/wp\/v2\/users\/10"}],"replies":[{"embeddable":true,"href":"https:\/\/www.clarku.edu\/departments\/physics\/wp-json\/wp\/v2\/comments?post=37"}],"version-history":[{"count":5,"href":"https:\/\/www.clarku.edu\/departments\/physics\/wp-json\/wp\/v2\/pages\/37\/revisions"}],"predecessor-version":[{"id":983,"href":"https:\/\/www.clarku.edu\/departments\/physics\/wp-json\/wp\/v2\/pages\/37\/revisions\/983"}],"up":[{"embeddable":true,"href":"https:\/\/www.clarku.edu\/departments\/physics\/wp-json\/wp\/v2\/pages\/17"}],"wp:attachment":[{"href":"https:\/\/www.clarku.edu\/departments\/physics\/wp-json\/wp\/v2\/media?parent=37"}],"curies":[{"name":"wp","href":"https:\/\/api.w.org\/{rel}","templated":true}]}}